{"id":1733,"date":"2023-04-20T14:59:10","date_gmt":"2023-04-20T14:59:10","guid":{"rendered":"https:\/\/toldoscholo.com\/?page_id=1733"},"modified":"2023-04-20T16:53:58","modified_gmt":"2023-04-20T16:53:58","slug":"cortinas-de-lona","status":"publish","type":"page","link":"https:\/\/toldoscholo.com\/en\/cortinas-de-lona\/","title":{"rendered":"Cortinas de Lona"},"content":{"rendered":"<div data-elementor-type=\"wp-page\" data-elementor-id=\"1733\" class=\"elementor elementor-1733\">\n\t\t\t\t\t\t\t\t\t<section class=\"elementor-section elementor-top-section elementor-element elementor-element-2da92de4 elementor-section-boxed elementor-section-height-default elementor-section-height-default\" data-id=\"2da92de4\" data-element_type=\"section\" data-settings=\"{&quot;background_background&quot;:&quot;classic&quot;}\">\n\t\t\t\t\t\t<div class=\"elementor-container elementor-column-gap-no\">\n\t\t\t\t\t<div class=\"elementor-column elementor-col-100 elementor-top-column elementor-element elementor-element-74766324\" data-id=\"74766324\" data-element_type=\"column\">\n\t\t\t<div class=\"elementor-widget-wrap elementor-element-populated\">\n\t\t\t\t\t\t\t\t<div class=\"elementor-element elementor-element-7a8b91a7 elementor-widget__width-auto elementor-widget elementor-widget-heading\" data-id=\"7a8b91a7\" data-element_type=\"widget\" data-widget_type=\"heading.default\">\n\t\t\t\t<div class=\"elementor-widget-container\">\n\t\t\t<style>\/*! elementor - v3.16.0 - 20-09-2023 *\/\n.elementor-heading-title{padding:0;margin:0;line-height:1}.elementor-widget-heading .elementor-heading-title[class*=elementor-size-]>a{color:inherit;font-size:inherit;line-height:inherit}.elementor-widget-heading .elementor-heading-title.elementor-size-small{font-size:15px}.elementor-widget-heading .elementor-heading-title.elementor-size-medium{font-size:19px}.elementor-widget-heading .elementor-heading-title.elementor-size-large{font-size:29px}.elementor-widget-heading .elementor-heading-title.elementor-size-xl{font-size:39px}.elementor-widget-heading .elementor-heading-title.elementor-size-xxl{font-size:59px}<\/style><h1 class=\"elementor-heading-title elementor-size-default\">Cortinas de Lonas<\/h1>\t\t<\/div>\n\t\t\t\t<\/div>\n\t\t\t\t<div class=\"elementor-element elementor-element-6f87c510 elementor-absolute elementor-widget elementor-widget-image\" data-id=\"6f87c510\" data-element_type=\"widget\" data-settings=\"{&quot;_position&quot;:&quot;absolute&quot;}\" data-widget_type=\"image.default\">\n\t\t\t\t<div class=\"elementor-widget-container\">\n\t\t\t<style>\/*! elementor - v3.16.0 - 20-09-2023 *\/\n.elementor-widget-image{text-align:center}.elementor-widget-image a{display:inline-block}.elementor-widget-image a img[src$=\".svg\"]{width:48px}.elementor-widget-image img{vertical-align:middle;display:inline-block}<\/style>\t\t\t\t\t\t\t\t\t\t\t\t<img loading=\"lazy\" decoding=\"async\" width=\"400\" height=\"192\" src=\"https:\/\/toldoscholo.com\/wp-content\/uploads\/2023\/04\/admin-ajax.png\" class=\"attachment-large size-large wp-image-1280\" alt=\"\" srcset=\"https:\/\/toldoscholo.com\/wp-content\/uploads\/2023\/04\/admin-ajax.png 400w, https:\/\/toldoscholo.com\/wp-content\/uploads\/2023\/04\/admin-ajax-300x144.png 300w\" sizes=\"auto, (max-width: 400px) 100vw, 400px\" \/>\t\t\t\t\t\t\t\t\t\t\t\t\t\t\t<\/div>\n\t\t\t\t<\/div>\n\t\t\t\t\t<\/div>\n\t\t<\/div>\n\t\t\t\t\t\t\t<\/div>\n\t\t<\/section>\n\t\t\t\t<section class=\"elementor-section elementor-top-section elementor-element elementor-element-275af93f elementor-section-boxed elementor-section-height-default elementor-section-height-default\" data-id=\"275af93f\" data-element_type=\"section\" data-settings=\"{&quot;background_background&quot;:&quot;classic&quot;}\">\n\t\t\t\t\t\t<div class=\"elementor-container elementor-column-gap-default\">\n\t\t\t\t\t<div class=\"elementor-column elementor-col-100 elementor-top-column elementor-element elementor-element-2fd61d24\" data-id=\"2fd61d24\" data-element_type=\"column\">\n\t\t\t<div class=\"elementor-widget-wrap elementor-element-populated\">\n\t\t\t\t\t\t\t\t<div class=\"elementor-element elementor-element-48e92404 elementor-widget elementor-widget-text-editor\" data-id=\"48e92404\" data-element_type=\"widget\" data-widget_type=\"text-editor.default\">\n\t\t\t\t<div class=\"elementor-widget-container\">\n\t\t\t<style>\/*! elementor - v3.16.0 - 20-09-2023 *\/\n.elementor-widget-text-editor.elementor-drop-cap-view-stacked .elementor-drop-cap{background-color:#69727d;color:#fff}.elementor-widget-text-editor.elementor-drop-cap-view-framed .elementor-drop-cap{color:#69727d;border:3px solid;background-color:transparent}.elementor-widget-text-editor:not(.elementor-drop-cap-view-default) .elementor-drop-cap{margin-top:8px}.elementor-widget-text-editor:not(.elementor-drop-cap-view-default) .elementor-drop-cap-letter{width:1em;height:1em}.elementor-widget-text-editor .elementor-drop-cap{float:left;text-align:center;line-height:1;font-size:50px}.elementor-widget-text-editor .elementor-drop-cap-letter{display:inline-block}<\/style>\t\t\t\t<p>La <strong>cortina de lona<\/strong> acr\u00edlica resinada es la mejor opci\u00f3n para uso exterior: sea para una terraza, porche, y hacer una divisi\u00f3n para ocultar bien sea de las miradas, o tener privacidad, la lona lleva ojales de lat\u00f3n extrafuertes con unos ganchos con carritos que corren por una gu\u00eda de aluminio lacado en blanco.<\/p>\t\t\t\t\t\t<\/div>\n\t\t\t\t<\/div>\n\t\t\t\t\t<\/div>\n\t\t<\/div>\n\t\t\t\t\t\t\t<\/div>\n\t\t<\/section>\n\t\t\t\t<section class=\"elementor-section elementor-top-section elementor-element elementor-element-331a25e9 elementor-section-boxed elementor-section-height-default elementor-section-height-default\" data-id=\"331a25e9\" data-element_type=\"section\" data-settings=\"{&quot;background_background&quot;:&quot;classic&quot;}\">\n\t\t\t\t\t\t<div class=\"elementor-container elementor-column-gap-default\">\n\t\t\t\t\t<div class=\"elementor-column elementor-col-100 elementor-top-column elementor-element elementor-element-1d46257f\" data-id=\"1d46257f\" data-element_type=\"column\">\n\t\t\t<div class=\"elementor-widget-wrap elementor-element-populated\">\n\t\t\t\t\t\t\t\t<div class=\"elementor-element elementor-element-224dc2db gallery-spacing-custom elementor-widget elementor-widget-image-gallery\" data-id=\"224dc2db\" data-element_type=\"widget\" data-widget_type=\"image-gallery.default\">\n\t\t\t\t<div class=\"elementor-widget-container\">\n\t\t\t<style>\/*! elementor - v3.16.0 - 20-09-2023 *\/\n.elementor-image-gallery .gallery-item{display:inline-block;text-align:center;vertical-align:top;width:100%;max-width:100%;margin:0 auto}.elementor-image-gallery .gallery-item img{margin:0 auto}.elementor-image-gallery .gallery-item .gallery-caption{margin:0}.elementor-image-gallery figure img{display:block}.elementor-image-gallery figure figcaption{width:100%}.gallery-spacing-custom .elementor-image-gallery .gallery-icon{padding:0}@media (min-width:768px){.elementor-image-gallery .gallery-columns-2 .gallery-item{max-width:50%}.elementor-image-gallery .gallery-columns-3 .gallery-item{max-width:33.33%}.elementor-image-gallery .gallery-columns-4 .gallery-item{max-width:25%}.elementor-image-gallery .gallery-columns-5 .gallery-item{max-width:20%}.elementor-image-gallery .gallery-columns-6 .gallery-item{max-width:16.666%}.elementor-image-gallery .gallery-columns-7 .gallery-item{max-width:14.28%}.elementor-image-gallery .gallery-columns-8 .gallery-item{max-width:12.5%}.elementor-image-gallery .gallery-columns-9 .gallery-item{max-width:11.11%}.elementor-image-gallery .gallery-columns-10 .gallery-item{max-width:10%}}@media (min-width:480px) and (max-width:767px){.elementor-image-gallery .gallery.gallery-columns-2 .gallery-item,.elementor-image-gallery .gallery.gallery-columns-3 .gallery-item,.elementor-image-gallery .gallery.gallery-columns-4 .gallery-item,.elementor-image-gallery .gallery.gallery-columns-5 .gallery-item,.elementor-image-gallery .gallery.gallery-columns-6 .gallery-item,.elementor-image-gallery .gallery.gallery-columns-7 .gallery-item,.elementor-image-gallery .gallery.gallery-columns-8 .gallery-item,.elementor-image-gallery .gallery.gallery-columns-9 .gallery-item,.elementor-image-gallery .gallery.gallery-columns-10 .gallery-item{max-width:50%}}@media (max-width:479px){.elementor-image-gallery .gallery.gallery-columns-2 .gallery-item,.elementor-image-gallery .gallery.gallery-columns-3 .gallery-item,.elementor-image-gallery .gallery.gallery-columns-4 .gallery-item,.elementor-image-gallery .gallery.gallery-columns-5 .gallery-item,.elementor-image-gallery .gallery.gallery-columns-6 .gallery-item,.elementor-image-gallery .gallery.gallery-columns-7 .gallery-item,.elementor-image-gallery .gallery.gallery-columns-8 .gallery-item,.elementor-image-gallery .gallery.gallery-columns-9 .gallery-item,.elementor-image-gallery .gallery.gallery-columns-10 .gallery-item{max-width:100%}}<\/style>\t\t<div class=\"elementor-image-gallery\">\n\t\t\t<div id='gallery-1' class='gallery galleryid-1733 gallery-columns-5 gallery-size-medium'><figure class='gallery-item'>\n\t\t\t<div class='gallery-icon landscape'>\n\t\t\t\t<a data-elementor-open-lightbox=\"yes\" data-elementor-lightbox-slideshow=\"224dc2db\" data-elementor-lightbox-title=\"cortinas de lonas1\" data-e-action-hash=\"#elementor-action%3Aaction%3Dlightbox%26settings%3DeyJpZCI6MTczNiwidXJsIjoiaHR0cHM6XC9cL3RvbGRvc2Nob2xvLmNvbVwvd3AtY29udGVudFwvdXBsb2Fkc1wvMjAyM1wvMDRcL2NvcnRpbmFzLWRlLWxvbmFzMS5qcGciLCJzbGlkZXNob3ciOiIyMjRkYzJkYiJ9\" href='https:\/\/toldoscholo.com\/wp-content\/uploads\/2023\/04\/cortinas-de-lonas1.jpg'><img loading=\"lazy\" decoding=\"async\" width=\"300\" height=\"225\" src=\"https:\/\/toldoscholo.com\/wp-content\/uploads\/2023\/04\/cortinas-de-lonas1-300x225.jpg\" class=\"attachment-medium size-medium\" alt=\"\" srcset=\"https:\/\/toldoscholo.com\/wp-content\/uploads\/2023\/04\/cortinas-de-lonas1-300x225.jpg 300w, https:\/\/toldoscholo.com\/wp-content\/uploads\/2023\/04\/cortinas-de-lonas1-768x576.jpg 768w, https:\/\/toldoscholo.com\/wp-content\/uploads\/2023\/04\/cortinas-de-lonas1.jpg 1024w\" sizes=\"auto, (max-width: 300px) 100vw, 300px\" \/><\/a>\n\t\t\t<\/div><\/figure><figure class='gallery-item'>\n\t\t\t<div class='gallery-icon landscape'>\n\t\t\t\t<a data-elementor-open-lightbox=\"yes\" data-elementor-lightbox-slideshow=\"224dc2db\" data-elementor-lightbox-title=\"cortinas de lonas1\" data-e-action-hash=\"#elementor-action%3Aaction%3Dlightbox%26settings%3DeyJpZCI6MTczNywidXJsIjoiaHR0cHM6XC9cL3RvbGRvc2Nob2xvLmNvbVwvd3AtY29udGVudFwvdXBsb2Fkc1wvMjAyM1wvMDRcL2NvcnRpbmFzLWRlLWxvbmFzMi5qcGciLCJzbGlkZXNob3ciOiIyMjRkYzJkYiJ9\" href='https:\/\/toldoscholo.com\/wp-content\/uploads\/2023\/04\/cortinas-de-lonas2.jpg'><img loading=\"lazy\" decoding=\"async\" width=\"300\" height=\"225\" src=\"https:\/\/toldoscholo.com\/wp-content\/uploads\/2023\/04\/cortinas-de-lonas2-300x225.jpg\" class=\"attachment-medium size-medium\" alt=\"\" srcset=\"https:\/\/toldoscholo.com\/wp-content\/uploads\/2023\/04\/cortinas-de-lonas2-300x225.jpg 300w, https:\/\/toldoscholo.com\/wp-content\/uploads\/2023\/04\/cortinas-de-lonas2-768x576.jpg 768w, https:\/\/toldoscholo.com\/wp-content\/uploads\/2023\/04\/cortinas-de-lonas2.jpg 1024w\" sizes=\"auto, (max-width: 300px) 100vw, 300px\" \/><\/a>\n\t\t\t<\/div><\/figure><figure class='gallery-item'>\n\t\t\t<div class='gallery-icon landscape'>\n\t\t\t\t<a data-elementor-open-lightbox=\"yes\" data-elementor-lightbox-slideshow=\"224dc2db\" data-elementor-lightbox-title=\"cortinas de lonas1\" data-e-action-hash=\"#elementor-action%3Aaction%3Dlightbox%26settings%3DeyJpZCI6MTczOCwidXJsIjoiaHR0cHM6XC9cL3RvbGRvc2Nob2xvLmNvbVwvd3AtY29udGVudFwvdXBsb2Fkc1wvMjAyM1wvMDRcL2NvcnRpbmFzLWRlLWxvbmFzMy5qcGciLCJzbGlkZXNob3ciOiIyMjRkYzJkYiJ9\" href='https:\/\/toldoscholo.com\/wp-content\/uploads\/2023\/04\/cortinas-de-lonas3.jpg'><img loading=\"lazy\" decoding=\"async\" width=\"300\" height=\"225\" src=\"https:\/\/toldoscholo.com\/wp-content\/uploads\/2023\/04\/cortinas-de-lonas3-300x225.jpg\" class=\"attachment-medium size-medium\" alt=\"\" srcset=\"https:\/\/toldoscholo.com\/wp-content\/uploads\/2023\/04\/cortinas-de-lonas3-300x225.jpg 300w, https:\/\/toldoscholo.com\/wp-content\/uploads\/2023\/04\/cortinas-de-lonas3-768x576.jpg 768w, https:\/\/toldoscholo.com\/wp-content\/uploads\/2023\/04\/cortinas-de-lonas3.jpg 1024w\" sizes=\"auto, (max-width: 300px) 100vw, 300px\" \/><\/a>\n\t\t\t<\/div><\/figure><figure class='gallery-item'>\n\t\t\t<div class='gallery-icon landscape'>\n\t\t\t\t<a data-elementor-open-lightbox=\"yes\" data-elementor-lightbox-slideshow=\"224dc2db\" data-elementor-lightbox-title=\"cortinas de lonas1\" data-e-action-hash=\"#elementor-action%3Aaction%3Dlightbox%26settings%3DeyJpZCI6MTczOSwidXJsIjoiaHR0cHM6XC9cL3RvbGRvc2Nob2xvLmNvbVwvd3AtY29udGVudFwvdXBsb2Fkc1wvMjAyM1wvMDRcL2NvcnRpbmFzLWRlLWxvbmFzNC5qcGciLCJzbGlkZXNob3ciOiIyMjRkYzJkYiJ9\" href='https:\/\/toldoscholo.com\/wp-content\/uploads\/2023\/04\/cortinas-de-lonas4.jpg'><img loading=\"lazy\" decoding=\"async\" width=\"300\" height=\"225\" src=\"https:\/\/toldoscholo.com\/wp-content\/uploads\/2023\/04\/cortinas-de-lonas4-300x225.jpg\" class=\"attachment-medium size-medium\" alt=\"\" srcset=\"https:\/\/toldoscholo.com\/wp-content\/uploads\/2023\/04\/cortinas-de-lonas4-300x225.jpg 300w, https:\/\/toldoscholo.com\/wp-content\/uploads\/2023\/04\/cortinas-de-lonas4-768x576.jpg 768w, https:\/\/toldoscholo.com\/wp-content\/uploads\/2023\/04\/cortinas-de-lonas4.jpg 1024w\" sizes=\"auto, (max-width: 300px) 100vw, 300px\" \/><\/a>\n\t\t\t<\/div><\/figure><figure class='gallery-item'>\n\t\t\t<div class='gallery-icon landscape'>\n\t\t\t\t<a data-elementor-open-lightbox=\"yes\" data-elementor-lightbox-slideshow=\"224dc2db\" data-elementor-lightbox-title=\"cortinas de lonas1\" data-e-action-hash=\"#elementor-action%3Aaction%3Dlightbox%26settings%3DeyJpZCI6MTc0MCwidXJsIjoiaHR0cHM6XC9cL3RvbGRvc2Nob2xvLmNvbVwvd3AtY29udGVudFwvdXBsb2Fkc1wvMjAyM1wvMDRcL2NvcnRpbmFzLWRlLWxvbmFzNS0xLmpwZyIsInNsaWRlc2hvdyI6IjIyNGRjMmRiIn0%3D\" href='https:\/\/toldoscholo.com\/wp-content\/uploads\/2023\/04\/cortinas-de-lonas5-1.jpg'><img loading=\"lazy\" decoding=\"async\" width=\"300\" height=\"225\" src=\"https:\/\/toldoscholo.com\/wp-content\/uploads\/2023\/04\/cortinas-de-lonas5-1-300x225.jpg\" class=\"attachment-medium size-medium\" alt=\"\" srcset=\"https:\/\/toldoscholo.com\/wp-content\/uploads\/2023\/04\/cortinas-de-lonas5-1-300x225.jpg 300w, https:\/\/toldoscholo.com\/wp-content\/uploads\/2023\/04\/cortinas-de-lonas5-1-768x576.jpg 768w, https:\/\/toldoscholo.com\/wp-content\/uploads\/2023\/04\/cortinas-de-lonas5-1.jpg 1024w\" sizes=\"auto, (max-width: 300px) 100vw, 300px\" \/><\/a>\n\t\t\t<\/div><\/figure>\n\t\t<\/div>\n\t\t<\/div>\n\t\t\t\t<\/div>\n\t\t\t\t<\/div>\n\t\t\t\t<div class=\"elementor-element elementor-element-4f305f38 elementor-widget elementor-widget-spacer\" data-id=\"4f305f38\" data-element_type=\"widget\" data-widget_type=\"spacer.default\">\n\t\t\t\t<div class=\"elementor-widget-container\">\n\t\t\t<style>\/*! elementor - v3.16.0 - 20-09-2023 *\/\n.elementor-column .elementor-spacer-inner{height:var(--spacer-size)}.e-con{--container-widget-width:100%}.e-con-inner>.elementor-widget-spacer,.e-con>.elementor-widget-spacer{width:var(--container-widget-width,var(--spacer-size));--align-self:var(--container-widget-align-self,initial);--flex-shrink:0}.e-con-inner>.elementor-widget-spacer>.elementor-widget-container,.e-con>.elementor-widget-spacer>.elementor-widget-container{height:100%;width:100%}.e-con-inner>.elementor-widget-spacer>.elementor-widget-container>.elementor-spacer,.e-con>.elementor-widget-spacer>.elementor-widget-container>.elementor-spacer{height:100%}.e-con-inner>.elementor-widget-spacer>.elementor-widget-container>.elementor-spacer>.elementor-spacer-inner,.e-con>.elementor-widget-spacer>.elementor-widget-container>.elementor-spacer>.elementor-spacer-inner{height:var(--container-widget-height,var(--spacer-size))}.e-con-inner>.elementor-widget-spacer.elementor-widget-empty,.e-con>.elementor-widget-spacer.elementor-widget-empty{position:relative;min-height:22px;min-width:22px}.e-con-inner>.elementor-widget-spacer.elementor-widget-empty .elementor-widget-empty-icon,.e-con>.elementor-widget-spacer.elementor-widget-empty .elementor-widget-empty-icon{position:absolute;top:0;bottom:0;left:0;right:0;margin:auto;padding:0;width:22px;height:22px}<\/style>\t\t<div class=\"elementor-spacer\">\n\t\t\t<div class=\"elementor-spacer-inner\"><\/div>\n\t\t<\/div>\n\t\t\t\t<\/div>\n\t\t\t\t<\/div>\n\t\t\t\t\t<\/div>\n\t\t<\/div>\n\t\t\t\t\t\t\t<\/div>\n\t\t<\/section>\n\t\t\t\t<section class=\"elementor-section elementor-top-section elementor-element elementor-element-4d91f205 elementor-section-content-middle elementor-section-boxed elementor-section-height-default elementor-section-height-default\" data-id=\"4d91f205\" data-element_type=\"section\" data-settings=\"{&quot;background_background&quot;:&quot;classic&quot;}\">\n\t\t\t\t\t\t<div class=\"elementor-container elementor-column-gap-default\">\n\t\t\t\t\t<div class=\"elementor-column elementor-col-50 elementor-top-column elementor-element elementor-element-128c0868\" data-id=\"128c0868\" data-element_type=\"column\">\n\t\t\t<div class=\"elementor-widget-wrap elementor-element-populated\">\n\t\t\t\t\t\t\t\t<div class=\"elementor-element elementor-element-1f8335ca elementor-widget elementor-widget-heading\" data-id=\"1f8335ca\" data-element_type=\"widget\" data-widget_type=\"heading.default\">\n\t\t\t\t<div class=\"elementor-widget-container\">\n\t\t\t<h4 class=\"elementor-heading-title elementor-size-default\">Pida Presupuesto sin Compromiso<\/h4>\t\t<\/div>\n\t\t\t\t<\/div>\n\t\t\t\t\t<\/div>\n\t\t<\/div>\n\t\t\t\t<div class=\"elementor-column elementor-col-50 elementor-top-column elementor-element elementor-element-27f6511f\" data-id=\"27f6511f\" data-element_type=\"column\">\n\t\t\t<div class=\"elementor-widget-wrap elementor-element-populated\">\n\t\t\t\t\t\t\t\t<div class=\"elementor-element elementor-element-4c4299be elementor-align-center elementor-widget elementor-widget-button\" data-id=\"4c4299be\" data-element_type=\"widget\" data-widget_type=\"button.default\">\n\t\t\t\t<div class=\"elementor-widget-container\">\n\t\t\t\t\t<div class=\"elementor-button-wrapper\">\n\t\t\t<a class=\"elementor-button elementor-button-link elementor-size-md\" href=\"https:\/\/toldoscholo.com\/en\/contacto\/\">\n\t\t\t\t\t\t<span class=\"elementor-button-content-wrapper\">\n\t\t\t\t\t\t<span class=\"elementor-button-icon elementor-align-icon-right\">\n\t\t\t\t<i aria-hidden=\"true\" class=\"fas fa-arrow-alt-circle-right\"><\/i>\t\t\t<\/span>\n\t\t\t\t\t\t<span class=\"elementor-button-text\">Solicita Presupuesto<\/span>\n\t\t<\/span>\n\t\t\t\t\t<\/a>\n\t\t<\/div>\n\t\t\t\t<\/div>\n\t\t\t\t<\/div>\n\t\t\t\t\t<\/div>\n\t\t<\/div>\n\t\t\t\t\t\t\t<\/div>\n\t\t<\/section>\n\t\t\t\t<section class=\"elementor-section elementor-top-section elementor-element elementor-element-536a227a elementor-section-boxed elementor-section-height-default elementor-section-height-default\" data-id=\"536a227a\" data-element_type=\"section\" data-settings=\"{&quot;background_background&quot;:&quot;classic&quot;}\">\n\t\t\t\t\t\t<div class=\"elementor-container elementor-column-gap-default\">\n\t\t\t\t\t<div class=\"elementor-column elementor-col-100 elementor-top-column elementor-element elementor-element-3c31a6de\" data-id=\"3c31a6de\" data-element_type=\"column\">\n\t\t\t<div class=\"elementor-widget-wrap elementor-element-populated\">\n\t\t\t\t\t\t\t\t<div class=\"elementor-element elementor-element-48f3e0f elementor-widget elementor-widget-spacer\" data-id=\"48f3e0f\" data-element_type=\"widget\" data-widget_type=\"spacer.default\">\n\t\t\t\t<div class=\"elementor-widget-container\">\n\t\t\t\t\t<div class=\"elementor-spacer\">\n\t\t\t<div class=\"elementor-spacer-inner\"><\/div>\n\t\t<\/div>\n\t\t\t\t<\/div>\n\t\t\t\t<\/div>\n\t\t\t\t\t<\/div>\n\t\t<\/div>\n\t\t\t\t\t\t\t<\/div>\n\t\t<\/section>\n\t\t\t\t\t\t\t<\/div>","protected":false},"excerpt":{"rendered":"<p>Cortinas de Lonas La cortina de lona acr\u00edlica resinada es la mejor opci\u00f3n para uso exterior: sea para una terraza, porche, y hacer una divisi\u00f3n para ocultar bien sea de las miradas, o tener privacidad, la lona lleva ojales de lat\u00f3n extrafuertes con unos ganchos con carritos que corren por una gu\u00eda de aluminio lacado &hellip;<\/p>\n<p class=\"read-more\"> <a class=\"\" href=\"https:\/\/toldoscholo.com\/en\/cortinas-de-lona\/\"> <span class=\"screen-reader-text\">Cortinas de Lona<\/span> Read More &raquo;<\/a><\/p>","protected":false},"author":1,"featured_media":0,"parent":0,"menu_order":0,"comment_status":"closed","ping_status":"closed","template":"","meta":{"om_disable_all_campaigns":false,"_monsterinsights_skip_tracking":false,"_monsterinsights_sitenote_active":false,"_monsterinsights_sitenote_note":"","_monsterinsights_sitenote_category":0,"site-sidebar-layout":"no-sidebar","site-content-layout":"page-builder","ast-global-header-display":"","ast-main-header-display":"","ast-hfb-above-header-display":"","ast-hfb-below-header-display":"","ast-hfb-mobile-header-display":"","site-post-title":"disabled","ast-breadcrumbs-content":"","ast-featured-img":"disabled","footer-sml-layout":"","theme-transparent-header-meta":"","adv-header-id-meta":"","stick-header-meta":"","header-above-stick-meta":"","header-main-stick-meta":"","header-below-stick-meta":"","footnotes":""},"class_list":["post-1733","page","type-page","status-publish","hentry"],"aioseo_notices":[],"yoast_head":"<!-- This site is optimized with the Yoast SEO plugin v20.5 - https:\/\/yoast.com\/wordpress\/plugins\/seo\/ -->\n<title>Cortinas de Lona - Toldos Cholo<\/title>\n<meta name=\"description\" content=\"Cortinas de Lona en Tomelloso\" \/>\n<meta name=\"robots\" content=\"index, follow, max-snippet:-1, max-image-preview:large, max-video-preview:-1\" \/>\n<link rel=\"canonical\" href=\"https:\/\/toldoscholo.com\/en\/cortinas-de-lona\/\" \/>\n<meta property=\"og:locale\" content=\"en_GB\" \/>\n<meta property=\"og:type\" content=\"article\" \/>\n<meta property=\"og:title\" content=\"Cortinas de Lona - Toldos Cholo\" \/>\n<meta property=\"og:description\" content=\"Cortinas de Lona en Tomelloso\" \/>\n<meta property=\"og:url\" content=\"https:\/\/toldoscholo.com\/en\/cortinas-de-lona\/\" \/>\n<meta property=\"og:site_name\" content=\"Toldos Cholo\" \/>\n<meta property=\"article:modified_time\" content=\"2023-04-20T16:53:58+00:00\" \/>\n<meta property=\"og:image\" content=\"https:\/\/toldoscholo.com\/wp-content\/uploads\/2023\/04\/admin-ajax.png\" \/>\n<meta name=\"twitter:card\" content=\"summary_large_image\" \/>\n<meta name=\"twitter:label1\" content=\"Estimated reading time\" \/>\n\t<meta name=\"twitter:data1\" content=\"2 minutes\" \/>\n<script type=\"application\/ld+json\" class=\"yoast-schema-graph\">{\"@context\":\"https:\/\/schema.org\",\"@graph\":[{\"@type\":\"WebPage\",\"@id\":\"https:\/\/toldoscholo.com\/cortinas-de-lona\/\",\"url\":\"https:\/\/toldoscholo.com\/cortinas-de-lona\/\",\"name\":\"Cortinas de Lona - Toldos Cholo\",\"isPartOf\":{\"@id\":\"https:\/\/toldoscholo.com\/#website\"},\"datePublished\":\"2023-04-20T14:59:10+00:00\",\"dateModified\":\"2023-04-20T16:53:58+00:00\",\"description\":\"Cortinas de Lona en Tomelloso\",\"breadcrumb\":{\"@id\":\"https:\/\/toldoscholo.com\/cortinas-de-lona\/#breadcrumb\"},\"inLanguage\":\"en-GB\",\"potentialAction\":[{\"@type\":\"ReadAction\",\"target\":[\"https:\/\/toldoscholo.com\/cortinas-de-lona\/\"]}]},{\"@type\":\"BreadcrumbList\",\"@id\":\"https:\/\/toldoscholo.com\/cortinas-de-lona\/#breadcrumb\",\"itemListElement\":[{\"@type\":\"ListItem\",\"position\":1,\"name\":\"Portada\",\"item\":\"https:\/\/toldoscholo.com\/\"},{\"@type\":\"ListItem\",\"position\":2,\"name\":\"Cortinas de Lona\"}]},{\"@type\":\"WebSite\",\"@id\":\"https:\/\/toldoscholo.com\/#website\",\"url\":\"https:\/\/toldoscholo.com\/\",\"name\":\"Toldos y Lonas Cholo\",\"description\":\"Toldos Y Lonas\",\"potentialAction\":[{\"@type\":\"SearchAction\",\"target\":{\"@type\":\"EntryPoint\",\"urlTemplate\":\"https:\/\/toldoscholo.com\/?s={search_term_string}\"},\"query-input\":\"required name=search_term_string\"}],\"inLanguage\":\"en-GB\"}]}<\/script>\n<!-- \/ Yoast SEO plugin. -->","yoast_head_json":{"title":"Cortinas de Lona - Toldos Cholo","description":"Cortinas de Lona en Tomelloso","robots":{"index":"index","follow":"follow","max-snippet":"max-snippet:-1","max-image-preview":"max-image-preview:large","max-video-preview":"max-video-preview:-1"},"canonical":"https:\/\/toldoscholo.com\/en\/cortinas-de-lona\/","og_locale":"en_GB","og_type":"article","og_title":"Cortinas de Lona - Toldos Cholo","og_description":"Cortinas de Lona en Tomelloso","og_url":"https:\/\/toldoscholo.com\/en\/cortinas-de-lona\/","og_site_name":"Toldos Cholo","article_modified_time":"2023-04-20T16:53:58+00:00","og_image":[{"url":"https:\/\/toldoscholo.com\/wp-content\/uploads\/2023\/04\/admin-ajax.png"}],"twitter_card":"summary_large_image","twitter_misc":{"Estimated reading time":"2 minutes"},"schema":{"@context":"https:\/\/schema.org","@graph":[{"@type":"WebPage","@id":"https:\/\/toldoscholo.com\/cortinas-de-lona\/","url":"https:\/\/toldoscholo.com\/cortinas-de-lona\/","name":"Cortinas de Lona - Toldos Cholo","isPartOf":{"@id":"https:\/\/toldoscholo.com\/#website"},"datePublished":"2023-04-20T14:59:10+00:00","dateModified":"2023-04-20T16:53:58+00:00","description":"Cortinas de Lona en Tomelloso","breadcrumb":{"@id":"https:\/\/toldoscholo.com\/cortinas-de-lona\/#breadcrumb"},"inLanguage":"en-GB","potentialAction":[{"@type":"ReadAction","target":["https:\/\/toldoscholo.com\/cortinas-de-lona\/"]}]},{"@type":"BreadcrumbList","@id":"https:\/\/toldoscholo.com\/cortinas-de-lona\/#breadcrumb","itemListElement":[{"@type":"ListItem","position":1,"name":"Portada","item":"https:\/\/toldoscholo.com\/"},{"@type":"ListItem","position":2,"name":"Cortinas de Lona"}]},{"@type":"WebSite","@id":"https:\/\/toldoscholo.com\/#website","url":"https:\/\/toldoscholo.com\/","name":"Toldos y Lonas Cholo","description":"Toldos Y Lonas","potentialAction":[{"@type":"SearchAction","target":{"@type":"EntryPoint","urlTemplate":"https:\/\/toldoscholo.com\/?s={search_term_string}"},"query-input":"required name=search_term_string"}],"inLanguage":"en-GB"}]}},"_links":{"self":[{"href":"https:\/\/toldoscholo.com\/en\/wp-json\/wp\/v2\/pages\/1733","targetHints":{"allow":["GET"]}}],"collection":[{"href":"https:\/\/toldoscholo.com\/en\/wp-json\/wp\/v2\/pages"}],"about":[{"href":"https:\/\/toldoscholo.com\/en\/wp-json\/wp\/v2\/types\/page"}],"author":[{"embeddable":true,"href":"https:\/\/toldoscholo.com\/en\/wp-json\/wp\/v2\/users\/1"}],"replies":[{"embeddable":true,"href":"https:\/\/toldoscholo.com\/en\/wp-json\/wp\/v2\/comments?post=1733"}],"version-history":[{"count":5,"href":"https:\/\/toldoscholo.com\/en\/wp-json\/wp\/v2\/pages\/1733\/revisions"}],"predecessor-version":[{"id":1865,"href":"https:\/\/toldoscholo.com\/en\/wp-json\/wp\/v2\/pages\/1733\/revisions\/1865"}],"wp:attachment":[{"href":"https:\/\/toldoscholo.com\/en\/wp-json\/wp\/v2\/media?parent=1733"}],"curies":[{"name":"wp","href":"https:\/\/api.w.org\/{rel}","templated":true}]}}