{"id":1207,"date":"2023-04-19T15:25:04","date_gmt":"2023-04-19T15:25:04","guid":{"rendered":"https:\/\/toldoscholo.com\/?page_id=1207"},"modified":"2023-04-20T17:01:30","modified_gmt":"2023-04-20T17:01:30","slug":"empresa","status":"publish","type":"page","link":"https:\/\/toldoscholo.com\/en\/empresa\/","title":{"rendered":"Empresa"},"content":{"rendered":"<div data-elementor-type=\"wp-page\" data-elementor-id=\"1207\" class=\"elementor elementor-1207\">\n\t\t\t\t\t\t\t\t\t<section class=\"elementor-section elementor-top-section elementor-element elementor-element-gnsujqc elementor-section-boxed elementor-section-height-default elementor-section-height-default\" data-id=\"gnsujqc\" data-element_type=\"section\" data-settings=\"{&quot;background_background&quot;:&quot;classic&quot;}\">\n\t\t\t\t\t\t<div class=\"elementor-container elementor-column-gap-no\">\n\t\t\t\t\t<div class=\"elementor-column elementor-col-100 elementor-top-column elementor-element elementor-element-7ca68b6\" data-id=\"7ca68b6\" data-element_type=\"column\">\n\t\t\t<div class=\"elementor-widget-wrap elementor-element-populated\">\n\t\t\t\t\t\t\t\t<div class=\"elementor-element elementor-element-f5479ae elementor-widget__width-auto elementor-widget elementor-widget-heading\" data-id=\"f5479ae\" data-element_type=\"widget\" data-widget_type=\"heading.default\">\n\t\t\t\t<div class=\"elementor-widget-container\">\n\t\t\t<style>\/*! elementor - v3.16.0 - 20-09-2023 *\/\n.elementor-heading-title{padding:0;margin:0;line-height:1}.elementor-widget-heading .elementor-heading-title[class*=elementor-size-]>a{color:inherit;font-size:inherit;line-height:inherit}.elementor-widget-heading .elementor-heading-title.elementor-size-small{font-size:15px}.elementor-widget-heading .elementor-heading-title.elementor-size-medium{font-size:19px}.elementor-widget-heading .elementor-heading-title.elementor-size-large{font-size:29px}.elementor-widget-heading .elementor-heading-title.elementor-size-xl{font-size:39px}.elementor-widget-heading .elementor-heading-title.elementor-size-xxl{font-size:59px}<\/style><h1 class=\"elementor-heading-title elementor-size-default\">Quienes Somos<\/h1>\t\t<\/div>\n\t\t\t\t<\/div>\n\t\t\t\t<div class=\"elementor-element elementor-element-9fb9915 elementor-absolute elementor-widget elementor-widget-image\" data-id=\"9fb9915\" data-element_type=\"widget\" data-settings=\"{&quot;_position&quot;:&quot;absolute&quot;}\" data-widget_type=\"image.default\">\n\t\t\t\t<div class=\"elementor-widget-container\">\n\t\t\t<style>\/*! elementor - v3.16.0 - 20-09-2023 *\/\n.elementor-widget-image{text-align:center}.elementor-widget-image a{display:inline-block}.elementor-widget-image a img[src$=\".svg\"]{width:48px}.elementor-widget-image img{vertical-align:middle;display:inline-block}<\/style>\t\t\t\t\t\t\t\t\t\t\t\t<img loading=\"lazy\" decoding=\"async\" width=\"400\" height=\"192\" src=\"https:\/\/toldoscholo.com\/wp-content\/uploads\/2023\/04\/admin-ajax.png\" class=\"attachment-large size-large wp-image-1280\" alt=\"\" srcset=\"https:\/\/toldoscholo.com\/wp-content\/uploads\/2023\/04\/admin-ajax.png 400w, https:\/\/toldoscholo.com\/wp-content\/uploads\/2023\/04\/admin-ajax-300x144.png 300w\" sizes=\"auto, (max-width: 400px) 100vw, 400px\" \/>\t\t\t\t\t\t\t\t\t\t\t\t\t\t\t<\/div>\n\t\t\t\t<\/div>\n\t\t\t\t\t<\/div>\n\t\t<\/div>\n\t\t\t\t\t\t\t<\/div>\n\t\t<\/section>\n\t\t\t\t<section class=\"elementor-section elementor-top-section elementor-element elementor-element-odlrx6h elementor-section-boxed elementor-section-height-default elementor-section-height-default\" data-id=\"odlrx6h\" data-element_type=\"section\" data-settings=\"{&quot;background_background&quot;:&quot;classic&quot;}\">\n\t\t\t\t\t\t<div class=\"elementor-container elementor-column-gap-default\">\n\t\t\t\t\t<div class=\"elementor-column elementor-col-50 elementor-top-column elementor-element elementor-element-827726c\" data-id=\"827726c\" data-element_type=\"column\">\n\t\t\t<div class=\"elementor-widget-wrap elementor-element-populated\">\n\t\t\t\t\t\t\t\t<div class=\"elementor-element elementor-element-173faf5 elementor-widget elementor-widget-image-box\" data-id=\"173faf5\" data-element_type=\"widget\" data-widget_type=\"image-box.default\">\n\t\t\t\t<div class=\"elementor-widget-container\">\n\t\t\t<style>\/*! elementor - v3.16.0 - 20-09-2023 *\/\n.elementor-widget-image-box .elementor-image-box-content{width:100%}@media (min-width:768px){.elementor-widget-image-box.elementor-position-left .elementor-image-box-wrapper,.elementor-widget-image-box.elementor-position-right .elementor-image-box-wrapper{display:flex}.elementor-widget-image-box.elementor-position-right .elementor-image-box-wrapper{text-align:right;flex-direction:row-reverse}.elementor-widget-image-box.elementor-position-left .elementor-image-box-wrapper{text-align:left;flex-direction:row}.elementor-widget-image-box.elementor-position-top .elementor-image-box-img{margin:auto}.elementor-widget-image-box.elementor-vertical-align-top .elementor-image-box-wrapper{align-items:flex-start}.elementor-widget-image-box.elementor-vertical-align-middle .elementor-image-box-wrapper{align-items:center}.elementor-widget-image-box.elementor-vertical-align-bottom .elementor-image-box-wrapper{align-items:flex-end}}@media (max-width:767px){.elementor-widget-image-box .elementor-image-box-img{margin-left:auto!important;margin-right:auto!important;margin-bottom:15px}}.elementor-widget-image-box .elementor-image-box-img{display:inline-block}.elementor-widget-image-box .elementor-image-box-title a{color:inherit}.elementor-widget-image-box .elementor-image-box-wrapper{text-align:center}.elementor-widget-image-box .elementor-image-box-description{margin:0}<\/style><div class=\"elementor-image-box-wrapper\"><div class=\"elementor-image-box-content\"><p class=\"elementor-image-box-description\">\n\nLa empresa comenz\u00f3 sus andaduras cuando en 1964 D. Luis Gonz\u00e1lez Olmedo puso si primer taller de guarnicioner\u00eda en la Calle D. V\u00edctor pe\u00f1asco, trabajando en lo que por aquel entonces se demandaba, la fabricaci\u00f3n de arreos para mulas, pero con el avance de la industria se produjo la adaptaci\u00f3n a las nuevas demandas del mercado, con la incorporaci\u00f3n a la empresa de su hijo D. Luis Mariano Gonz\u00e1lez Garc\u00eda, actual propietario de la empresa pasando su actividad a la confecci\u00f3n de toldos y lonas y al montaje de ellos.\nActualmente las instalaciones se encuentran en una de las entradas principales a Tomelloso contando con moderna maquinaria para la fabricaci\u00f3n de sus productos,  contando con unas modernas instalaciones en la Ctra. de Argamasilla, uno de los principales accesos a nuestra ciudad.\n\nContamos con unas instalaciones de 1500 m2, repartidos con los siguientes departamentos: Departamento de administraci\u00f3n, taller de corte y confecci\u00f3n y taller de P.V.C. Con este centro productivo somos capaces de dar respuesta a la demanda de nuestros clientes.\n\nAsimismo el objetivo que nos marcamos desde el principio es la calidad y el servicio al cliente.\nSabemos que este sector carece de empresas donde al cliente se le atienda como un amigo, se identifiquen sus necesidades y se le ofrezca un servicio y producto de calidad, sin hacerle pasar por estructos procedimientos e impersonales procesos.\nNuestro objetivo es cubrir estas eficiencias.<\/p><\/div><\/div>\t\t<\/div>\n\t\t\t\t<\/div>\n\t\t\t\t<div class=\"elementor-element elementor-element-6a30081 elementor-widget elementor-widget-text-editor\" data-id=\"6a30081\" data-element_type=\"widget\" data-widget_type=\"text-editor.default\">\n\t\t\t\t<div class=\"elementor-widget-container\">\n\t\t\t<style>\/*! elementor - v3.16.0 - 20-09-2023 *\/\n.elementor-widget-text-editor.elementor-drop-cap-view-stacked .elementor-drop-cap{background-color:#69727d;color:#fff}.elementor-widget-text-editor.elementor-drop-cap-view-framed .elementor-drop-cap{color:#69727d;border:3px solid;background-color:transparent}.elementor-widget-text-editor:not(.elementor-drop-cap-view-default) .elementor-drop-cap{margin-top:8px}.elementor-widget-text-editor:not(.elementor-drop-cap-view-default) .elementor-drop-cap-letter{width:1em;height:1em}.elementor-widget-text-editor .elementor-drop-cap{float:left;text-align:center;line-height:1;font-size:50px}.elementor-widget-text-editor .elementor-drop-cap-letter{display:inline-block}<\/style>\t\t\t\t\t\t\t\t\t\t<\/div>\n\t\t\t\t<\/div>\n\t\t\t\t\t<\/div>\n\t\t<\/div>\n\t\t\t\t<div class=\"elementor-column elementor-col-50 elementor-top-column elementor-element elementor-element-ce44ef3\" data-id=\"ce44ef3\" data-element_type=\"column\">\n\t\t\t<div class=\"elementor-widget-wrap elementor-element-populated\">\n\t\t\t\t\t\t\t\t<div class=\"elementor-element elementor-element-e235669 elementor-widget elementor-widget-image\" data-id=\"e235669\" data-element_type=\"widget\" data-widget_type=\"image.default\">\n\t\t\t\t<div class=\"elementor-widget-container\">\n\t\t\t\t\t\t\t\t\t\t\t\t\t\t\t<img decoding=\"async\" src=\"https:\/\/toldoscholo.com\/wp-content\/uploads\/elementor\/thumbs\/Cholo-qyov58c3u0x3zf2p3t9gron5bjuxeg62h5z903qvbk.jpg\" title=\"IM000729.JPG\" alt=\"IM000729.JPG\" loading=\"lazy\" \/>\t\t\t\t\t\t\t\t\t\t\t\t\t\t\t<\/div>\n\t\t\t\t<\/div>\n\t\t\t\t<div class=\"elementor-element elementor-element-67cf8e3 elementor-widget elementor-widget-image\" data-id=\"67cf8e3\" data-element_type=\"widget\" data-widget_type=\"image.default\">\n\t\t\t\t<div class=\"elementor-widget-container\">\n\t\t\t\t\t\t\t\t\t\t\t\t\t\t\t<img decoding=\"async\" src=\"https:\/\/toldoscholo.com\/wp-content\/uploads\/elementor\/thumbs\/Cholo_1-qyov599y0uyeb11bybo3c6elwxqam59stamqhdph5c.jpg\" title=\"Cholo_1\" alt=\"Cholo_1\" loading=\"lazy\" \/>\t\t\t\t\t\t\t\t\t\t\t\t\t\t\t<\/div>\n\t\t\t\t<\/div>\n\t\t\t\t\t<\/div>\n\t\t<\/div>\n\t\t\t\t\t\t\t<\/div>\n\t\t<\/section>\n\t\t\t\t<section class=\"elementor-section elementor-top-section elementor-element elementor-element-9sfyugx elementor-section-content-middle elementor-section-boxed elementor-section-height-default elementor-section-height-default\" data-id=\"9sfyugx\" data-element_type=\"section\" data-settings=\"{&quot;background_background&quot;:&quot;classic&quot;}\">\n\t\t\t\t\t\t<div class=\"elementor-container elementor-column-gap-default\">\n\t\t\t\t\t<div class=\"elementor-column elementor-col-50 elementor-top-column elementor-element elementor-element-7d27ca3\" data-id=\"7d27ca3\" data-element_type=\"column\">\n\t\t\t<div class=\"elementor-widget-wrap elementor-element-populated\">\n\t\t\t\t\t\t\t\t<div class=\"elementor-element elementor-element-2efe9a1 elementor-widget elementor-widget-heading\" data-id=\"2efe9a1\" data-element_type=\"widget\" data-widget_type=\"heading.default\">\n\t\t\t\t<div class=\"elementor-widget-container\">\n\t\t\t<h4 class=\"elementor-heading-title elementor-size-default\">Pida Presupuesto sin Compromiso<\/h4>\t\t<\/div>\n\t\t\t\t<\/div>\n\t\t\t\t\t<\/div>\n\t\t<\/div>\n\t\t\t\t<div class=\"elementor-column elementor-col-50 elementor-top-column elementor-element elementor-element-074ae51\" data-id=\"074ae51\" data-element_type=\"column\">\n\t\t\t<div class=\"elementor-widget-wrap elementor-element-populated\">\n\t\t\t\t\t\t\t\t<div class=\"elementor-element elementor-element-1444a07 elementor-align-center elementor-widget elementor-widget-button\" data-id=\"1444a07\" data-element_type=\"widget\" data-widget_type=\"button.default\">\n\t\t\t\t<div class=\"elementor-widget-container\">\n\t\t\t\t\t<div class=\"elementor-button-wrapper\">\n\t\t\t<a class=\"elementor-button elementor-button-link elementor-size-md\" href=\"https:\/\/toldoscholo.com\/en\/contacto\/\">\n\t\t\t\t\t\t<span class=\"elementor-button-content-wrapper\">\n\t\t\t\t\t\t<span class=\"elementor-button-icon elementor-align-icon-right\">\n\t\t\t\t<i aria-hidden=\"true\" class=\"fas fa-arrow-alt-circle-right\"><\/i>\t\t\t<\/span>\n\t\t\t\t\t\t<span class=\"elementor-button-text\">Solicita Presupuesto<\/span>\n\t\t<\/span>\n\t\t\t\t\t<\/a>\n\t\t<\/div>\n\t\t\t\t<\/div>\n\t\t\t\t<\/div>\n\t\t\t\t\t<\/div>\n\t\t<\/div>\n\t\t\t\t\t\t\t<\/div>\n\t\t<\/section>\n\t\t\t\t<section class=\"elementor-section elementor-top-section elementor-element elementor-element-e3f4ab6 elementor-section-boxed elementor-section-height-default elementor-section-height-default\" data-id=\"e3f4ab6\" data-element_type=\"section\" data-settings=\"{&quot;background_background&quot;:&quot;classic&quot;}\">\n\t\t\t\t\t\t<div class=\"elementor-container elementor-column-gap-default\">\n\t\t\t\t\t<div class=\"elementor-column elementor-col-100 elementor-top-column elementor-element elementor-element-020d271\" data-id=\"020d271\" data-element_type=\"column\">\n\t\t\t<div class=\"elementor-widget-wrap elementor-element-populated\">\n\t\t\t\t\t\t\t\t<div class=\"elementor-element elementor-element-34787f5 elementor-widget elementor-widget-spacer\" data-id=\"34787f5\" data-element_type=\"widget\" data-widget_type=\"spacer.default\">\n\t\t\t\t<div class=\"elementor-widget-container\">\n\t\t\t<style>\/*! elementor - v3.16.0 - 20-09-2023 *\/\n.elementor-column .elementor-spacer-inner{height:var(--spacer-size)}.e-con{--container-widget-width:100%}.e-con-inner>.elementor-widget-spacer,.e-con>.elementor-widget-spacer{width:var(--container-widget-width,var(--spacer-size));--align-self:var(--container-widget-align-self,initial);--flex-shrink:0}.e-con-inner>.elementor-widget-spacer>.elementor-widget-container,.e-con>.elementor-widget-spacer>.elementor-widget-container{height:100%;width:100%}.e-con-inner>.elementor-widget-spacer>.elementor-widget-container>.elementor-spacer,.e-con>.elementor-widget-spacer>.elementor-widget-container>.elementor-spacer{height:100%}.e-con-inner>.elementor-widget-spacer>.elementor-widget-container>.elementor-spacer>.elementor-spacer-inner,.e-con>.elementor-widget-spacer>.elementor-widget-container>.elementor-spacer>.elementor-spacer-inner{height:var(--container-widget-height,var(--spacer-size))}.e-con-inner>.elementor-widget-spacer.elementor-widget-empty,.e-con>.elementor-widget-spacer.elementor-widget-empty{position:relative;min-height:22px;min-width:22px}.e-con-inner>.elementor-widget-spacer.elementor-widget-empty .elementor-widget-empty-icon,.e-con>.elementor-widget-spacer.elementor-widget-empty .elementor-widget-empty-icon{position:absolute;top:0;bottom:0;left:0;right:0;margin:auto;padding:0;width:22px;height:22px}<\/style>\t\t<div class=\"elementor-spacer\">\n\t\t\t<div class=\"elementor-spacer-inner\"><\/div>\n\t\t<\/div>\n\t\t\t\t<\/div>\n\t\t\t\t<\/div>\n\t\t\t\t\t<\/div>\n\t\t<\/div>\n\t\t\t\t\t\t\t<\/div>\n\t\t<\/section>\n\t\t\t\t\t\t\t<\/div>","protected":false},"excerpt":{"rendered":"<p>Quienes Somos La empresa comenz\u00f3 sus andaduras cuando en 1964 D. Luis Gonz\u00e1lez Olmedo puso si primer taller de guarnicioner\u00eda en la Calle D. V\u00edctor pe\u00f1asco, trabajando en lo que por aquel entonces se demandaba, la fabricaci\u00f3n de arreos para mulas, pero con el avance de la industria se produjo la adaptaci\u00f3n a las nuevas &hellip;<\/p>\n<p class=\"read-more\"> <a class=\"\" href=\"https:\/\/toldoscholo.com\/en\/empresa\/\"> <span class=\"screen-reader-text\">Empresa<\/span> Read More &raquo;<\/a><\/p>","protected":false},"author":1,"featured_media":0,"parent":0,"menu_order":0,"comment_status":"closed","ping_status":"closed","template":"","meta":{"om_disable_all_campaigns":false,"_monsterinsights_skip_tracking":false,"_monsterinsights_sitenote_active":false,"_monsterinsights_sitenote_note":"","_monsterinsights_sitenote_category":0,"site-sidebar-layout":"no-sidebar","site-content-layout":"page-builder","ast-global-header-display":"","ast-main-header-display":"","ast-hfb-above-header-display":"","ast-hfb-below-header-display":"","ast-hfb-mobile-header-display":"","site-post-title":"disabled","ast-breadcrumbs-content":"","ast-featured-img":"disabled","footer-sml-layout":"","theme-transparent-header-meta":"","adv-header-id-meta":"","stick-header-meta":"","header-above-stick-meta":"","header-main-stick-meta":"","header-below-stick-meta":"","footnotes":""},"class_list":["post-1207","page","type-page","status-publish","hentry"],"aioseo_notices":[],"yoast_head":"<!-- This site is optimized with the Yoast SEO plugin v20.5 - https:\/\/yoast.com\/wordpress\/plugins\/seo\/ -->\n<title>Empresa - Toldos Cholo<\/title>\n<meta name=\"robots\" content=\"index, follow, max-snippet:-1, max-image-preview:large, max-video-preview:-1\" \/>\n<link rel=\"canonical\" href=\"https:\/\/toldoscholo.com\/en\/empresa\/\" \/>\n<meta property=\"og:locale\" content=\"en_GB\" \/>\n<meta property=\"og:type\" content=\"article\" \/>\n<meta property=\"og:title\" content=\"Empresa - Toldos Cholo\" \/>\n<meta property=\"og:description\" content=\"Quienes Somos La empresa comenz\u00f3 sus andaduras cuando en 1964 D. Luis Gonz\u00e1lez Olmedo puso si primer taller de guarnicioner\u00eda en la Calle D. V\u00edctor pe\u00f1asco, trabajando en lo que por aquel entonces se demandaba, la fabricaci\u00f3n de arreos para mulas, pero con el avance de la industria se produjo la adaptaci\u00f3n a las nuevas &hellip; Empresa Read More &raquo;\" \/>\n<meta property=\"og:url\" content=\"https:\/\/toldoscholo.com\/en\/empresa\/\" \/>\n<meta property=\"og:site_name\" content=\"Toldos Cholo\" \/>\n<meta property=\"article:modified_time\" content=\"2023-04-20T17:01:30+00:00\" \/>\n<meta property=\"og:image\" content=\"https:\/\/toldoscholo.com\/wp-content\/uploads\/2023\/04\/admin-ajax.png\" \/>\n<meta name=\"twitter:card\" content=\"summary_large_image\" \/>\n<meta name=\"twitter:label1\" content=\"Estimated reading time\" \/>\n\t<meta name=\"twitter:data1\" content=\"2 minutes\" \/>\n<script type=\"application\/ld+json\" class=\"yoast-schema-graph\">{\"@context\":\"https:\/\/schema.org\",\"@graph\":[{\"@type\":\"WebPage\",\"@id\":\"https:\/\/toldoscholo.com\/empresa\/\",\"url\":\"https:\/\/toldoscholo.com\/empresa\/\",\"name\":\"Empresa - Toldos Cholo\",\"isPartOf\":{\"@id\":\"https:\/\/toldoscholo.com\/#website\"},\"datePublished\":\"2023-04-19T15:25:04+00:00\",\"dateModified\":\"2023-04-20T17:01:30+00:00\",\"breadcrumb\":{\"@id\":\"https:\/\/toldoscholo.com\/empresa\/#breadcrumb\"},\"inLanguage\":\"en-GB\",\"potentialAction\":[{\"@type\":\"ReadAction\",\"target\":[\"https:\/\/toldoscholo.com\/empresa\/\"]}]},{\"@type\":\"BreadcrumbList\",\"@id\":\"https:\/\/toldoscholo.com\/empresa\/#breadcrumb\",\"itemListElement\":[{\"@type\":\"ListItem\",\"position\":1,\"name\":\"Portada\",\"item\":\"https:\/\/toldoscholo.com\/\"},{\"@type\":\"ListItem\",\"position\":2,\"name\":\"Empresa\"}]},{\"@type\":\"WebSite\",\"@id\":\"https:\/\/toldoscholo.com\/#website\",\"url\":\"https:\/\/toldoscholo.com\/\",\"name\":\"Toldos y Lonas Cholo\",\"description\":\"Toldos Y Lonas\",\"potentialAction\":[{\"@type\":\"SearchAction\",\"target\":{\"@type\":\"EntryPoint\",\"urlTemplate\":\"https:\/\/toldoscholo.com\/?s={search_term_string}\"},\"query-input\":\"required name=search_term_string\"}],\"inLanguage\":\"en-GB\"}]}<\/script>\n<!-- \/ Yoast SEO plugin. -->","yoast_head_json":{"title":"Empresa - Toldos Cholo","robots":{"index":"index","follow":"follow","max-snippet":"max-snippet:-1","max-image-preview":"max-image-preview:large","max-video-preview":"max-video-preview:-1"},"canonical":"https:\/\/toldoscholo.com\/en\/empresa\/","og_locale":"en_GB","og_type":"article","og_title":"Empresa - Toldos Cholo","og_description":"Quienes Somos La empresa comenz\u00f3 sus andaduras cuando en 1964 D. Luis Gonz\u00e1lez Olmedo puso si primer taller de guarnicioner\u00eda en la Calle D. V\u00edctor pe\u00f1asco, trabajando en lo que por aquel entonces se demandaba, la fabricaci\u00f3n de arreos para mulas, pero con el avance de la industria se produjo la adaptaci\u00f3n a las nuevas &hellip; Empresa Read More &raquo;","og_url":"https:\/\/toldoscholo.com\/en\/empresa\/","og_site_name":"Toldos Cholo","article_modified_time":"2023-04-20T17:01:30+00:00","og_image":[{"url":"https:\/\/toldoscholo.com\/wp-content\/uploads\/2023\/04\/admin-ajax.png"}],"twitter_card":"summary_large_image","twitter_misc":{"Estimated reading time":"2 minutes"},"schema":{"@context":"https:\/\/schema.org","@graph":[{"@type":"WebPage","@id":"https:\/\/toldoscholo.com\/empresa\/","url":"https:\/\/toldoscholo.com\/empresa\/","name":"Empresa - Toldos Cholo","isPartOf":{"@id":"https:\/\/toldoscholo.com\/#website"},"datePublished":"2023-04-19T15:25:04+00:00","dateModified":"2023-04-20T17:01:30+00:00","breadcrumb":{"@id":"https:\/\/toldoscholo.com\/empresa\/#breadcrumb"},"inLanguage":"en-GB","potentialAction":[{"@type":"ReadAction","target":["https:\/\/toldoscholo.com\/empresa\/"]}]},{"@type":"BreadcrumbList","@id":"https:\/\/toldoscholo.com\/empresa\/#breadcrumb","itemListElement":[{"@type":"ListItem","position":1,"name":"Portada","item":"https:\/\/toldoscholo.com\/"},{"@type":"ListItem","position":2,"name":"Empresa"}]},{"@type":"WebSite","@id":"https:\/\/toldoscholo.com\/#website","url":"https:\/\/toldoscholo.com\/","name":"Toldos y Lonas Cholo","description":"Toldos Y Lonas","potentialAction":[{"@type":"SearchAction","target":{"@type":"EntryPoint","urlTemplate":"https:\/\/toldoscholo.com\/?s={search_term_string}"},"query-input":"required name=search_term_string"}],"inLanguage":"en-GB"}]}},"_links":{"self":[{"href":"https:\/\/toldoscholo.com\/en\/wp-json\/wp\/v2\/pages\/1207","targetHints":{"allow":["GET"]}}],"collection":[{"href":"https:\/\/toldoscholo.com\/en\/wp-json\/wp\/v2\/pages"}],"about":[{"href":"https:\/\/toldoscholo.com\/en\/wp-json\/wp\/v2\/types\/page"}],"author":[{"embeddable":true,"href":"https:\/\/toldoscholo.com\/en\/wp-json\/wp\/v2\/users\/1"}],"replies":[{"embeddable":true,"href":"https:\/\/toldoscholo.com\/en\/wp-json\/wp\/v2\/comments?post=1207"}],"version-history":[{"count":50,"href":"https:\/\/toldoscholo.com\/en\/wp-json\/wp\/v2\/pages\/1207\/revisions"}],"predecessor-version":[{"id":1867,"href":"https:\/\/toldoscholo.com\/en\/wp-json\/wp\/v2\/pages\/1207\/revisions\/1867"}],"wp:attachment":[{"href":"https:\/\/toldoscholo.com\/en\/wp-json\/wp\/v2\/media?parent=1207"}],"curies":[{"name":"wp","href":"https:\/\/api.w.org\/{rel}","templated":true}]}}